{"id":13,"date":"2018-01-16T10:11:53","date_gmt":"2018-01-16T09:11:53","guid":{"rendered":"http:\/\/esv-olympia.de\/judo\/?page_id=13"},"modified":"2024-01-19T15:49:17","modified_gmt":"2024-01-19T14:49:17","slug":"shop","status":"publish","type":"page","link":"https:\/\/esv-olympia.de\/judo\/shop\/","title":{"rendered":"Shop"},"content":{"rendered":"<h3><strong><a href=\"https:\/\/team.jako.de\/de\/team\/esv_olympia_koeln_e_v_\/\" target=\"_blank\" rel=\"noopener\"><span style=\"color: #0000ff;\">Hier<\/span><\/a> geht es zu unserem Eisenbahner-Fan-Shop<\/strong><\/h3>\n<p>&nbsp;<\/p>\n<p><a href=\"https:\/\/team.jako.de\/de\/team\/esv_olympia_koeln_e_v_\/\" target=\"_blank\" rel=\"noopener\"><img loading=\"lazy\" decoding=\"async\" class=\"alignnone wp-image-636\" src=\"http:\/\/esv-olympia.de\/judo\/wp-content\/uploads\/2022\/12\/thumbnail-merch-150x150.png\" alt=\"\" width=\"145\" height=\"145\" srcset=\"https:\/\/esv-olympia.de\/judo\/wp-content\/uploads\/2022\/12\/thumbnail-merch-150x150.png 150w, https:\/\/esv-olympia.de\/judo\/wp-content\/uploads\/2022\/12\/thumbnail-merch-100x100.png 100w\" sizes=\"(max-width: 145px) 100vw, 145px\" \/><\/a><a href=\"https:\/\/team.jako.de\/de\/team\/esv_olympia_koeln_e_v_\/\" target=\"_blank\" rel=\"noopener\"><img loading=\"lazy\" decoding=\"async\" class=\"alignnone wp-image-631 size-thumbnail\" src=\"http:\/\/esv-olympia.de\/judo\/wp-content\/uploads\/2022\/12\/clipart602366-150x150.png\" alt=\"\" width=\"150\" height=\"150\" srcset=\"https:\/\/esv-olympia.de\/judo\/wp-content\/uploads\/2022\/12\/clipart602366-150x150.png 150w, https:\/\/esv-olympia.de\/judo\/wp-content\/uploads\/2022\/12\/clipart602366-100x100.png 100w\" sizes=\"(max-width: 150px) 100vw, 150px\" \/><\/a><\/p>\n<p>&nbsp;<\/p>\n<h3><span style=\"color: #000000;\"><strong>G\u00fcrtelpr\u00fcfung? <a href=\"https:\/\/www.ippon-shop.com\/judo-guertel\/\" target=\"_blank\" rel=\"noopener\"><span style=\"color: #0000ff;\">HIER <\/span><\/a><\/strong><strong>gibt es Judog\u00fcrtel in allen L\u00e4ngen und Farben!<\/strong><\/span><\/h3>\n<p>&nbsp;<\/p>\n<p>Und so k\u00f6nnt ihr euch eure individuelle <strong>ESV-R\u00fcckennummer<\/strong> bestellen. Diese sollte in der Regel so aussehen:<\/p>\n<p><img loading=\"lazy\" decoding=\"async\" class=\"alignnone size-thumbnail wp-image-632\" src=\"http:\/\/esv-olympia.de\/judo\/wp-content\/uploads\/2022\/12\/Screenshot_5-150x150.png\" alt=\"\" width=\"150\" height=\"150\" srcset=\"https:\/\/esv-olympia.de\/judo\/wp-content\/uploads\/2022\/12\/Screenshot_5-150x150.png 150w, https:\/\/esv-olympia.de\/judo\/wp-content\/uploads\/2022\/12\/Screenshot_5-100x100.png 100w\" sizes=\"(max-width: 150px) 100vw, 150px\" \/><\/p>\n<p>Ihr habt die Auswahl zwischen folgenden Motiven (click to download):<\/p>\n<p><a href=\"http:\/\/esv-olympia.de\/judo\/wp-content\/uploads\/2022\/12\/Eisenbahner-Logo-schwarz.jpg\" target=\"_blank\" rel=\"noopener\"><img loading=\"lazy\" decoding=\"async\" class=\"alignnone wp-image-638\" src=\"http:\/\/esv-olympia.de\/judo\/wp-content\/uploads\/2022\/12\/Eisenbahner-Logo-schwarz.jpg\" alt=\"\" width=\"146\" height=\"90\" srcset=\"https:\/\/esv-olympia.de\/judo\/wp-content\/uploads\/2022\/12\/Eisenbahner-Logo-schwarz.jpg 732w, https:\/\/esv-olympia.de\/judo\/wp-content\/uploads\/2022\/12\/Eisenbahner-Logo-schwarz-300x185.jpg 300w\" sizes=\"(max-width: 146px) 100vw, 146px\" \/><\/a> \u00a0 \u00a0 \u00a0 \u00a0 \u00a0 \u00a0<a href=\"http:\/\/esv-olympia.de\/judo\/wp-content\/uploads\/2022\/12\/Eisenbahner-Logo-rot.jpg\" target=\"_blank\" rel=\"noopener\"><img loading=\"lazy\" decoding=\"async\" class=\"alignnone wp-image-637\" src=\"http:\/\/esv-olympia.de\/judo\/wp-content\/uploads\/2022\/12\/Eisenbahner-Logo-rot.jpg\" alt=\"\" width=\"144\" height=\"90\" srcset=\"https:\/\/esv-olympia.de\/judo\/wp-content\/uploads\/2022\/12\/Eisenbahner-Logo-rot.jpg 731w, https:\/\/esv-olympia.de\/judo\/wp-content\/uploads\/2022\/12\/Eisenbahner-Logo-rot-300x187.jpg 300w\" sizes=\"(max-width: 144px) 100vw, 144px\" \/><\/a><\/p>\n<p><a href=\"http:\/\/esv-olympia.de\/judo\/wp-content\/uploads\/2022\/12\/Eisenbahnerin-Logo-schwarz.jpg\" target=\"_blank\" rel=\"noopener\">\u00a0 <\/a><a href=\"http:\/\/esv-olympia.de\/judo\/wp-content\/uploads\/2022\/12\/Eisenbahnerin-Logo-schwarz.jpg\" target=\"_blank\" rel=\"noopener\"><img loading=\"lazy\" decoding=\"async\" class=\"alignnone wp-image-640\" src=\"http:\/\/esv-olympia.de\/judo\/wp-content\/uploads\/2022\/12\/Eisenbahnerin-Logo-schwarz.jpg\" alt=\"\" width=\"168\" height=\"90\" srcset=\"https:\/\/esv-olympia.de\/judo\/wp-content\/uploads\/2022\/12\/Eisenbahnerin-Logo-schwarz.jpg 846w, https:\/\/esv-olympia.de\/judo\/wp-content\/uploads\/2022\/12\/Eisenbahnerin-Logo-schwarz-300x161.jpg 300w, https:\/\/esv-olympia.de\/judo\/wp-content\/uploads\/2022\/12\/Eisenbahnerin-Logo-schwarz-768x411.jpg 768w\" sizes=\"(max-width: 168px) 100vw, 168px\" \/> \u00a0 \u00a0<\/a><a href=\"http:\/\/esv-olympia.de\/judo\/wp-content\/uploads\/2022\/12\/Eisenbahnerin-Logo-rot.jpg\" target=\"_blank\" rel=\"noopener\"><img loading=\"lazy\" decoding=\"async\" class=\"alignnone wp-image-639\" src=\"http:\/\/esv-olympia.de\/judo\/wp-content\/uploads\/2022\/12\/Eisenbahnerin-Logo-rot.jpg\" alt=\"\" width=\"150\" height=\"90\" srcset=\"https:\/\/esv-olympia.de\/judo\/wp-content\/uploads\/2022\/12\/Eisenbahnerin-Logo-rot.jpg 762w, https:\/\/esv-olympia.de\/judo\/wp-content\/uploads\/2022\/12\/Eisenbahnerin-Logo-rot-300x180.jpg 300w\" sizes=\"(max-width: 150px) 100vw, 150px\" \/><\/a><\/p>\n<p><a href=\"http:\/\/esv-olympia.de\/judo\/wp-content\/uploads\/2022\/12\/Eisenbahnerjudo-Logo.jpg\" target=\"_blank\" rel=\"noopener\">\u00a0<img loading=\"lazy\" decoding=\"async\" class=\"alignnone wp-image-641\" src=\"http:\/\/esv-olympia.de\/judo\/wp-content\/uploads\/2022\/12\/Eisenbahnerjudo-Logo.jpg\" alt=\"\" width=\"143\" height=\"107\" srcset=\"https:\/\/esv-olympia.de\/judo\/wp-content\/uploads\/2022\/12\/Eisenbahnerjudo-Logo.jpg 732w, https:\/\/esv-olympia.de\/judo\/wp-content\/uploads\/2022\/12\/Eisenbahnerjudo-Logo-300x225.jpg 300w\" sizes=\"(max-width: 143px) 100vw, 143px\" \/><\/a><\/p>\n<p>Nach dem download geht ihr auf folgende Seite, gebt den Nachnamen ein und ladet das Bild hoch.<\/p>\n<p><a href=\"https:\/\/esv-olympia-koeln.mybacknumber.com\/?mode=showProduct&amp;id=346&amp;versionId=784&amp;orderBy=sortingId\" target=\"_blank\" rel=\"noopener\"><span style=\"color: #0000ff;\">Link<\/span><\/a> f\u00fcr Kinder<\/p>\n<p><a href=\"https:\/\/esv-olympia-koeln.mybacknumber.com\/\" target=\"_blank\" rel=\"noopener\"><span style=\"color: #0000ff;\">Link<\/span><\/a> f\u00fcr Erwachsene<\/p>\n<p>Wir empfehlen die R\u00fcckennummern bei folgender \u00c4nderungsschneiderei aufn\u00e4hen zu lassen (<a href=\"https:\/\/maps.app.goo.gl\/cX1taiDR7Mn8S7vVA\" target=\"_blank\" rel=\"noopener\"><span style=\"color: #0000ff;\">Google Maps Link<\/span><\/a>)<\/p>\n<p><strong><img loading=\"lazy\" decoding=\"async\" class=\"alignnone wp-image-642\" src=\"http:\/\/esv-olympia.de\/judo\/wp-content\/uploads\/2022\/12\/Schneiderei.jpg\" alt=\"\" width=\"467\" height=\"259\" srcset=\"https:\/\/esv-olympia.de\/judo\/wp-content\/uploads\/2022\/12\/Schneiderei.jpg 1482w, https:\/\/esv-olympia.de\/judo\/wp-content\/uploads\/2022\/12\/Schneiderei-300x167.jpg 300w, https:\/\/esv-olympia.de\/judo\/wp-content\/uploads\/2022\/12\/Schneiderei-1024x569.jpg 1024w, https:\/\/esv-olympia.de\/judo\/wp-content\/uploads\/2022\/12\/Schneiderei-768x427.jpg 768w\" sizes=\"(max-width: 467px) 100vw, 467px\" \/><\/strong><\/p>\n","protected":false},"excerpt":{"rendered":"<p>Hier geht es zu unserem Eisenbahner-Fan-Shop &nbsp; &nbsp; G\u00fcrtelpr\u00fcfung? HIER gibt es Judog\u00fcrtel in allen L\u00e4ngen und Farben! &nbsp; Und so k\u00f6nnt ihr euch eure individuelle ESV-R\u00fcckennummer bestellen. Diese sollte in der Regel so aussehen: Ihr habt die Auswahl zwischen folgenden Motiven (click to download): \u00a0 \u00a0 \u00a0 \u00a0 \u00a0 \u00a0 \u00a0 \u00a0 \u00a0 \u00a0 &hellip; <\/p>\n<p class=\"link-more\"><a href=\"https:\/\/esv-olympia.de\/judo\/shop\/\" class=\"more-link\"><span class=\"screen-reader-text\">\u201eShop\u201c<\/span> weiterlesen<\/a><\/p>\n","protected":false},"author":3,"featured_media":0,"parent":0,"menu_order":0,"comment_status":"closed","ping_status":"closed","template":"","meta":{"footnotes":""},"_links":{"self":[{"href":"https:\/\/esv-olympia.de\/judo\/wp-json\/wp\/v2\/pages\/13"}],"collection":[{"href":"https:\/\/esv-olympia.de\/judo\/wp-json\/wp\/v2\/pages"}],"about":[{"href":"https:\/\/esv-olympia.de\/judo\/wp-json\/wp\/v2\/types\/page"}],"author":[{"embeddable":true,"href":"https:\/\/esv-olympia.de\/judo\/wp-json\/wp\/v2\/users\/3"}],"replies":[{"embeddable":true,"href":"https:\/\/esv-olympia.de\/judo\/wp-json\/wp\/v2\/comments?post=13"}],"version-history":[{"count":25,"href":"https:\/\/esv-olympia.de\/judo\/wp-json\/wp\/v2\/pages\/13\/revisions"}],"predecessor-version":[{"id":794,"href":"https:\/\/esv-olympia.de\/judo\/wp-json\/wp\/v2\/pages\/13\/revisions\/794"}],"wp:attachment":[{"href":"https:\/\/esv-olympia.de\/judo\/wp-json\/wp\/v2\/media?parent=13"}],"curies":[{"name":"wp","href":"https:\/\/api.w.org\/{rel}","templated":true}]}}