{"id":5,"date":"2018-01-16T10:02:33","date_gmt":"2018-01-16T09:02:33","guid":{"rendered":"http:\/\/esv-olympia.de\/judo\/?page_id=5"},"modified":"2026-02-14T13:57:12","modified_gmt":"2026-02-14T12:57:12","slug":"judo","status":"publish","type":"page","link":"https:\/\/esv-olympia.de\/judo\/","title":{"rendered":"\u00dcber uns"},"content":{"rendered":"<h1 style=\"text-align: center;\">Herzlich Willkommen !<strong><br \/>\n<\/strong><\/h1>\n<p>&nbsp;<\/p>\n<p>Die Judo-Abteilung des ESV-Olympia K\u00f6ln e.V. wurde bereits 1948 gegr\u00fcndet und besteht seitdem auf dem Olympia-Gel\u00e4nde in der Werkstattstra\u00dfe in K\u00f6ln-Nippes. Wir Eisenbahner hatten mit <a href=\"https:\/\/de.wikipedia.org\/wiki\/Wolfgang_Hofmann_(Judoka)\" target=\"_blank\" rel=\"noopener noreferrer\">Wolfgang Hofmann<\/a> den ersten deutschen Judoka, der bei Olympischen Spielen eine Medaille holen konnte (Silbermedaille, Tokio 1964).<\/p>\n<p>Mittlerweile haben wir<\/p>\n<ul>\n<li>\u00fcber 270 Mitgleider in der Judoabteilung, davon \u00fcber 180 Kinder und Jugendliche<\/li>\n<li>den vom Deutschen Judobund ausgezeichneten Trainer des Jahres 2018 in der Kategorie &#8222;Besonderes Engagement&#8220;<\/li>\n<li>sowohl zwei Frauen- als auch zwei M\u00e4nner-Teams etabliert<\/li>\n<li><strong>Richtig Bock auch in den n\u00e4chsten Jahren der geilste Judoverein in K\u00f6ln zu bleiben!<br \/>\n<\/strong><\/li>\n<\/ul>\n<p><img loading=\"lazy\" decoding=\"async\" class=\"wp-image-471 size-full aligncenter\" src=\"http:\/\/esv-olympia.de\/judo\/wp-content\/uploads\/2020\/08\/Credo-Oeltank.jpg\" alt=\"\" width=\"1418\" height=\"500\" srcset=\"https:\/\/esv-olympia.de\/judo\/wp-content\/uploads\/2020\/08\/Credo-Oeltank.jpg 1418w, https:\/\/esv-olympia.de\/judo\/wp-content\/uploads\/2020\/08\/Credo-Oeltank-300x106.jpg 300w, https:\/\/esv-olympia.de\/judo\/wp-content\/uploads\/2020\/08\/Credo-Oeltank-1024x361.jpg 1024w, https:\/\/esv-olympia.de\/judo\/wp-content\/uploads\/2020\/08\/Credo-Oeltank-768x271.jpg 768w\" sizes=\"(max-width: 767px) 89vw, (max-width: 1000px) 54vw, (max-width: 1071px) 543px, 580px\" \/><\/p>\n<p>Bei den Eisenbahnern hat man nicht nur Spa\u00df am Sport und in der Gemeinschaft &#8211; denn Judo dient vor allem der Pers\u00f6nlichkeitsentwicklung. Wir trainieren t\u00e4glich, also komm gerne vorbei und mach mit! Egal, ob Du jung oder schon etwas \u00e4lter bist, Judo ist ein Sport f\u00fcr jedes Alter und jeden Kenntnisstand!<\/p>\n<p><em>Ohne Voranmeldung und v\u00f6llig unverbindlich zum kostenlosen Probetraining.<\/em><\/p>\n<p><a href=\"https:\/\/maps.app.goo.gl\/TQPMqTCJhAe2cqeH6\" target=\"_blank\" rel=\"noopener\"><img loading=\"lazy\" decoding=\"async\" class=\"alignleft wp-image-495 size-large\" src=\"http:\/\/esv-olympia.de\/judo\/wp-content\/uploads\/2021\/01\/map-1024x576.png\" alt=\"\" width=\"525\" height=\"295\" srcset=\"https:\/\/esv-olympia.de\/judo\/wp-content\/uploads\/2021\/01\/map-1024x576.png 1024w, https:\/\/esv-olympia.de\/judo\/wp-content\/uploads\/2021\/01\/map-300x169.png 300w, https:\/\/esv-olympia.de\/judo\/wp-content\/uploads\/2021\/01\/map-768x432.png 768w, https:\/\/esv-olympia.de\/judo\/wp-content\/uploads\/2021\/01\/map-1536x864.png 1536w, https:\/\/esv-olympia.de\/judo\/wp-content\/uploads\/2021\/01\/map.png 1919w\" sizes=\"(max-width: 525px) 100vw, 525px\" \/><\/a><\/p>\n","protected":false},"excerpt":{"rendered":"<p>Herzlich Willkommen ! &nbsp; Die Judo-Abteilung des ESV-Olympia K\u00f6ln e.V. wurde bereits 1948 gegr\u00fcndet und besteht seitdem auf dem Olympia-Gel\u00e4nde in der Werkstattstra\u00dfe in K\u00f6ln-Nippes. Wir Eisenbahner hatten mit Wolfgang Hofmann den ersten deutschen Judoka, der bei Olympischen Spielen eine Medaille holen konnte (Silbermedaille, Tokio 1964). Mittlerweile haben wir \u00fcber 270 Mitgleider in der Judoabteilung, &hellip; <\/p>\n<p class=\"link-more\"><a href=\"https:\/\/esv-olympia.de\/judo\/\" class=\"more-link\"><span class=\"screen-reader-text\">\u201e\u00dcber uns\u201c<\/span> weiterlesen<\/a><\/p>\n","protected":false},"author":2,"featured_media":0,"parent":0,"menu_order":0,"comment_status":"closed","ping_status":"closed","template":"","meta":{"footnotes":""},"_links":{"self":[{"href":"https:\/\/esv-olympia.de\/judo\/wp-json\/wp\/v2\/pages\/5"}],"collection":[{"href":"https:\/\/esv-olympia.de\/judo\/wp-json\/wp\/v2\/pages"}],"about":[{"href":"https:\/\/esv-olympia.de\/judo\/wp-json\/wp\/v2\/types\/page"}],"author":[{"embeddable":true,"href":"https:\/\/esv-olympia.de\/judo\/wp-json\/wp\/v2\/users\/2"}],"replies":[{"embeddable":true,"href":"https:\/\/esv-olympia.de\/judo\/wp-json\/wp\/v2\/comments?post=5"}],"version-history":[{"count":64,"href":"https:\/\/esv-olympia.de\/judo\/wp-json\/wp\/v2\/pages\/5\/revisions"}],"predecessor-version":[{"id":883,"href":"https:\/\/esv-olympia.de\/judo\/wp-json\/wp\/v2\/pages\/5\/revisions\/883"}],"wp:attachment":[{"href":"https:\/\/esv-olympia.de\/judo\/wp-json\/wp\/v2\/media?parent=5"}],"curies":[{"name":"wp","href":"https:\/\/api.w.org\/{rel}","templated":true}]}}