{"id":62,"date":"2018-01-29T16:04:24","date_gmt":"2018-01-29T15:04:24","guid":{"rendered":"http:\/\/esv-olympia.de\/judo\/?page_id=62"},"modified":"2025-09-13T14:27:12","modified_gmt":"2025-09-13T12:27:12","slug":"trainer","status":"publish","type":"page","link":"https:\/\/esv-olympia.de\/judo\/trainer\/","title":{"rendered":"Die Trainer"},"content":{"rendered":"<table style=\"height: 1866px;\" width=\"348\">\n<tbody>\n<tr>\n<td>\n<div style=\"text-align: center; margin: 10px;\">\n<p><img loading=\"lazy\" decoding=\"async\" class=\"wp-image-205 size-medium alignleft\" style=\"font-size: 1rem;\" src=\"http:\/\/esv-olympia.de\/judo\/wp-content\/uploads\/2023\/12\/Jan.jpg\" alt=\"\" width=\"193\" height=\"300\" \/><\/p>\n<div class=\"text-container\">\n<p>&nbsp;<\/p>\n<p>&nbsp;<\/p>\n<p>&nbsp;<\/p>\n<p>&nbsp;<\/p>\n<p>&nbsp;<\/p>\n<p style=\"text-align: left;\"><strong>Jan Schmidt<\/strong><\/p>\n<p style=\"text-align: left;\">Abteilungsleitung<br \/>\nTrainer-B-Lizenz<br \/>\nKyu-Pr\u00fcfer<br \/>\n3. Dan<br \/>\n<a href=\"https:\/\/www.judobund.de\/aktuelles\/detail\/trainer-des-jahres-2018-stehen-fest-3344\/\" target=\"_blank\" rel=\"noopener\">Trainer des Jahres 2018<\/a><\/p>\n<\/div>\n<\/div>\n<\/td>\n<td>\n<div style=\"text-align: center; margin: 10px;\">\n<p><img loading=\"lazy\" decoding=\"async\" class=\"wp-image-207 size-medium alignleft\" src=\"http:\/\/esv-olympia.de\/judo\/wp-content\/uploads\/2023\/12\/Boris.jpg\" alt=\"\" width=\"193\" height=\"300\" \/><\/p>\n<div class=\"text-container\">\n<p>&nbsp;<\/p>\n<p>&nbsp;<\/p>\n<p>&nbsp;<\/p>\n<p>&nbsp;<\/p>\n<p>&nbsp;<\/p>\n<p style=\"text-align: left;\"><strong>Boris Feodoroff<\/strong><\/p>\n<p style=\"text-align: left;\">Stellvertretender Abteilungsleiter<br \/>\nMitgliederverwaltung<br \/>\nTrainer-B-Lizenz<br \/>\nKyu-Pr\u00fcfer<br \/>\n3. Dan<\/p>\n<\/div>\n<\/div>\n<\/td>\n<\/tr>\n<tr>\n<td>\n<div style=\"text-align: center; margin: 10px;\">\n<p><img loading=\"lazy\" decoding=\"async\" class=\"wp-image-206 size-medium alignleft\" src=\"http:\/\/esv-olympia.de\/judo\/wp-content\/uploads\/2023\/12\/Ole.jpg\" alt=\"\" width=\"193\" height=\"280\" \/><\/p>\n<div class=\"text-container\">\n<p>&nbsp;<\/p>\n<p>&nbsp;<\/p>\n<p>&nbsp;<\/p>\n<p>&nbsp;<\/p>\n<p>&nbsp;<\/p>\n<p>&nbsp;<\/p>\n<p style=\"text-align: left;\"><strong>Jan-Ole Haake<\/strong><\/p>\n<p style=\"text-align: left;\">Trainer-C-Lizenz<br \/>\nKyu-Pr\u00fcfer<br \/>\n2. Dan<\/p>\n<\/div>\n<\/div>\n<\/td>\n<td>\n<div style=\"text-align: center; margin: 10px;\">\n<p><img loading=\"lazy\" decoding=\"async\" class=\"wp-image-206 size-medium alignleft\" src=\"http:\/\/esv-olympia.de\/judo\/wp-content\/uploads\/2023\/12\/Dominic.jpg\" alt=\"\" width=\"193\" height=\"300\" \/><\/p>\n<div class=\"text-container\">\n<p>&nbsp;<\/p>\n<p>&nbsp;<\/p>\n<p>&nbsp;<\/p>\n<p>&nbsp;<\/p>\n<p>&nbsp;<\/p>\n<p>&nbsp;<\/p>\n<p style=\"text-align: left;\"><strong>Dominic Kaiser<\/strong><\/p>\n<p style=\"text-align: left;\">Trainer-B-Lizenz<br \/>\nKyu-Pr\u00fcfer<br \/>\n2. Dan<\/p>\n<\/div>\n<\/div>\n<\/td>\n<\/tr>\n<tr>\n<td>\n<div style=\"text-align: center; margin: 10px;\">\n<p><img loading=\"lazy\" decoding=\"async\" class=\" wp-image-866 alignleft\" src=\"http:\/\/esv-olympia.de\/judo\/wp-content\/uploads\/2025\/09\/Sarah-Klein.jpeg\" alt=\"\" width=\"189\" height=\"229\" srcset=\"https:\/\/esv-olympia.de\/judo\/wp-content\/uploads\/2025\/09\/Sarah-Klein.jpeg 710w, https:\/\/esv-olympia.de\/judo\/wp-content\/uploads\/2025\/09\/Sarah-Klein-248x300.jpeg 248w\" sizes=\"(max-width: 189px) 100vw, 189px\" \/><\/p>\n<div class=\"text-container\">\n<p>&nbsp;<\/p>\n<p>&nbsp;<\/p>\n<p>&nbsp;<\/p>\n<p>&nbsp;<\/p>\n<p>&nbsp;<\/p>\n<p style=\"text-align: left;\"><strong>Sarah Blaszkiewicz<\/strong><\/p>\n<p style=\"text-align: left;\">Trainer-C-Lizenz<br \/>\nKyu-Pr\u00fcferin<br \/>\n1. Dan<\/p>\n<\/div>\n<\/div>\n<\/td>\n<td>\n<div style=\"text-align: center; margin: 10px;\">\n<p><img loading=\"lazy\" decoding=\"async\" class=\"wp-image-871 alignleft\" src=\"http:\/\/esv-olympia.de\/judo\/wp-content\/uploads\/2025\/09\/signal-2025-09-13-125546_006.jpeg\" alt=\"\" width=\"269\" height=\"215\" srcset=\"https:\/\/esv-olympia.de\/judo\/wp-content\/uploads\/2025\/09\/signal-2025-09-13-125546_006.jpeg 839w, https:\/\/esv-olympia.de\/judo\/wp-content\/uploads\/2025\/09\/signal-2025-09-13-125546_006-300x240.jpeg 300w, https:\/\/esv-olympia.de\/judo\/wp-content\/uploads\/2025\/09\/signal-2025-09-13-125546_006-768x614.jpeg 768w\" sizes=\"(max-width: 269px) 100vw, 269px\" \/><\/p>\n<div class=\"text-container\">\n<p>&nbsp;<\/p>\n<p>&nbsp;<\/p>\n<p>&nbsp;<\/p>\n<p>&nbsp;<\/p>\n<p>&nbsp;<\/p>\n<p style=\"text-align: left;\"><strong>Paula Neuhaus<\/strong><\/p>\n<p style=\"text-align: left;\">Trainer-C-Lizenz<br \/>\nKyu-Pr\u00fcferin<br \/>\n2. Dan<\/p>\n<\/div>\n<\/div>\n<\/td>\n<\/tr>\n<tr>\n<td>\n<div style=\"text-align: center; margin: 10px;\">\n<div class=\"text-container\">\n<p><strong><img loading=\"lazy\" decoding=\"async\" class=\"wp-image-870 alignleft\" src=\"http:\/\/esv-olympia.de\/judo\/wp-content\/uploads\/2025\/09\/signal-2025-09-13-125546_003.jpeg\" alt=\"\" width=\"214\" height=\"155\" srcset=\"https:\/\/esv-olympia.de\/judo\/wp-content\/uploads\/2025\/09\/signal-2025-09-13-125546_003.jpeg 971w, https:\/\/esv-olympia.de\/judo\/wp-content\/uploads\/2025\/09\/signal-2025-09-13-125546_003-300x217.jpeg 300w, https:\/\/esv-olympia.de\/judo\/wp-content\/uploads\/2025\/09\/signal-2025-09-13-125546_003-768x555.jpeg 768w\" sizes=\"(max-width: 214px) 100vw, 214px\" \/><\/strong><\/p>\n<p>&nbsp;<\/p>\n<p>&nbsp;<\/p>\n<p>&nbsp;<\/p>\n<p>&nbsp;<\/p>\n<p style=\"text-align: left;\"><strong>Wie<\/strong><strong>bke<\/strong><strong>\u00a0He<\/strong><strong>seding<\/strong><\/p>\n<p style=\"text-align: left;\">Trainer-C-Lizenz<br \/>\nKyu-Pr\u00fcferin<br \/>\n2. Dan<\/p>\n<\/div>\n<\/div>\n<\/td>\n<td>\n<div style=\"text-align: center; margin: 10px;\">\n<p><img loading=\"lazy\" decoding=\"async\" class=\" wp-image-868 alignleft\" src=\"http:\/\/esv-olympia.de\/judo\/wp-content\/uploads\/2025\/09\/signal-2025-09-13-125546_002-1024x775.jpeg\" alt=\"\" width=\"258\" height=\"195\" srcset=\"https:\/\/esv-olympia.de\/judo\/wp-content\/uploads\/2025\/09\/signal-2025-09-13-125546_002-1024x775.jpeg 1024w, https:\/\/esv-olympia.de\/judo\/wp-content\/uploads\/2025\/09\/signal-2025-09-13-125546_002-300x227.jpeg 300w, https:\/\/esv-olympia.de\/judo\/wp-content\/uploads\/2025\/09\/signal-2025-09-13-125546_002-768x581.jpeg 768w, https:\/\/esv-olympia.de\/judo\/wp-content\/uploads\/2025\/09\/signal-2025-09-13-125546_002.jpeg 1369w\" sizes=\"(max-width: 258px) 100vw, 258px\" \/><\/p>\n<div class=\"text-container\">\n<p>&nbsp;<\/p>\n<p>&nbsp;<\/p>\n<p>&nbsp;<\/p>\n<\/div>\n<\/div>\n<p>&nbsp;<\/p>\n<p>&nbsp;<\/p>\n<div style=\"text-align: center; margin: 10px;\">\n<div class=\"text-container\">\n<p style=\"text-align: left;\"><strong>Mareike Schmidt<\/strong><\/p>\n<p style=\"text-align: left;\">Passwesen<br \/>\nTrainer-B-Lizenz<br \/>\nKyu-Pr\u00fcferin<br \/>\n3. Dan<\/p>\n<\/div>\n<\/div>\n<\/td>\n<\/tr>\n<\/tbody>\n<\/table>\n<p>&nbsp;<\/p>\n","protected":false},"excerpt":{"rendered":"<p>&nbsp; &nbsp; &nbsp; &nbsp; &nbsp; Jan Schmidt Abteilungsleitung Trainer-B-Lizenz Kyu-Pr\u00fcfer 3. Dan Trainer des Jahres 2018 &nbsp; &nbsp; &nbsp; &nbsp; &nbsp; Boris Feodoroff Stellvertretender Abteilungsleiter Mitgliederverwaltung Trainer-B-Lizenz Kyu-Pr\u00fcfer 3. Dan &nbsp; &nbsp; &nbsp; &nbsp; &nbsp; &nbsp; Jan-Ole Haake Trainer-C-Lizenz Kyu-Pr\u00fcfer 2. Dan &nbsp; &nbsp; &nbsp; &nbsp; &nbsp; &nbsp; Dominic Kaiser Trainer-B-Lizenz Kyu-Pr\u00fcfer 2. Dan &nbsp; &hellip; <\/p>\n<p class=\"link-more\"><a href=\"https:\/\/esv-olympia.de\/judo\/trainer\/\" class=\"more-link\"><span class=\"screen-reader-text\">\u201eDie Trainer\u201c<\/span> weiterlesen<\/a><\/p>\n","protected":false},"author":3,"featured_media":0,"parent":0,"menu_order":0,"comment_status":"closed","ping_status":"closed","template":"","meta":{"footnotes":""},"_links":{"self":[{"href":"https:\/\/esv-olympia.de\/judo\/wp-json\/wp\/v2\/pages\/62"}],"collection":[{"href":"https:\/\/esv-olympia.de\/judo\/wp-json\/wp\/v2\/pages"}],"about":[{"href":"https:\/\/esv-olympia.de\/judo\/wp-json\/wp\/v2\/types\/page"}],"author":[{"embeddable":true,"href":"https:\/\/esv-olympia.de\/judo\/wp-json\/wp\/v2\/users\/3"}],"replies":[{"embeddable":true,"href":"https:\/\/esv-olympia.de\/judo\/wp-json\/wp\/v2\/comments?post=62"}],"version-history":[{"count":95,"href":"https:\/\/esv-olympia.de\/judo\/wp-json\/wp\/v2\/pages\/62\/revisions"}],"predecessor-version":[{"id":878,"href":"https:\/\/esv-olympia.de\/judo\/wp-json\/wp\/v2\/pages\/62\/revisions\/878"}],"wp:attachment":[{"href":"https:\/\/esv-olympia.de\/judo\/wp-json\/wp\/v2\/media?parent=62"}],"curies":[{"name":"wp","href":"https:\/\/api.w.org\/{rel}","templated":true}]}}