{"id":7,"date":"2018-01-16T10:07:56","date_gmt":"2018-01-16T09:07:56","guid":{"rendered":"http:\/\/esv-olympia.de\/judo\/?page_id=7"},"modified":"2025-01-25T20:54:47","modified_gmt":"2025-01-25T19:54:47","slug":"beitraege","status":"publish","type":"page","link":"https:\/\/esv-olympia.de\/judo\/beitraege\/","title":{"rendered":"Vereinsbeitrag"},"content":{"rendered":"<h1><span style=\"color: #ff0000;\"><strong>In K\u00f6ln klarer Preis-Leistungs-Sieger!!<\/strong><\/span><\/h1>\n<h1><span style=\"color: #ff0000;\">Mitgliedsbeitrag halbj\u00e4hrlich<\/span><\/h1>\n<p>Erwachsene 120,00 \u20ac<br \/>\nFamilienbeitrag Erwachsene 90,00 \u20ac<br \/>\nKinder und Jugendliche 80,00 \u20ac<br \/>\nFamilienbeitrag Kinder und Jugendliche 65,00 \u20ac<\/p>\n<p>Beitragszahlungen nur Bargeldlos und nur per Bankeinzug!<br \/>\nEinmalige Aufnahmegeb\u00fchr je Mitglied von 40,00 \u20ac &#8211; davon besorgen wir den Judopass, auch die erste G\u00fcrtelpr\u00fcfung (wei\u00df-gelb) ist inbegriffen.<\/p>\n<p>N\u00e4here Informationen findest Du auf der <a href=\"https:\/\/esv-olympia.de\/esv\/index.htm\" target=\"_blank\" rel=\"noopener\">homepage <\/a>des ESV Olympia K\u00f6ln.<\/p>\n<p>Solltest Du dich anmelden wollen, f\u00fclle bitte dieses <a href=\"http:\/\/esv-olympia.de\/judo\/wp-content\/uploads\/2025\/01\/ESV-Judo-Anmeldung-inkl-Bildrechte_25.pdf\" target=\"_blank\" rel=\"noopener\">Formular<\/a> aus und bringe es zum Training mit.<\/p>\n<h1><span style=\"color: #ff0000;\">Vermietung der Judohalle<\/span><\/h1>\n<p>F\u00fcr unsere Mitglieder der Judoabteilung, z.B. f\u00fcr Kindergeburtstage oder sonstige Veranstaltungen. Einfach eine Email schreiben und wir sprechen uns ab. Gro\u00dfes, umz\u00e4untes Areal mit Wiese, K\u00fchlschrank, Musik, Toiletten- alles vorhanden!<\/p>\n","protected":false},"excerpt":{"rendered":"<p>In K\u00f6ln klarer Preis-Leistungs-Sieger!! Mitgliedsbeitrag halbj\u00e4hrlich Erwachsene 120,00 \u20ac Familienbeitrag Erwachsene 90,00 \u20ac Kinder und Jugendliche 80,00 \u20ac Familienbeitrag Kinder und Jugendliche 65,00 \u20ac Beitragszahlungen nur Bargeldlos und nur per Bankeinzug! Einmalige Aufnahmegeb\u00fchr je Mitglied von 40,00 \u20ac &#8211; davon besorgen wir den Judopass, auch die erste G\u00fcrtelpr\u00fcfung (wei\u00df-gelb) ist inbegriffen. N\u00e4here Informationen findest Du &hellip; <\/p>\n<p class=\"link-more\"><a href=\"https:\/\/esv-olympia.de\/judo\/beitraege\/\" class=\"more-link\"><span class=\"screen-reader-text\">\u201eVereinsbeitrag\u201c<\/span> weiterlesen<\/a><\/p>\n","protected":false},"author":2,"featured_media":0,"parent":0,"menu_order":0,"comment_status":"closed","ping_status":"closed","template":"","meta":{"footnotes":""},"_links":{"self":[{"href":"https:\/\/esv-olympia.de\/judo\/wp-json\/wp\/v2\/pages\/7"}],"collection":[{"href":"https:\/\/esv-olympia.de\/judo\/wp-json\/wp\/v2\/pages"}],"about":[{"href":"https:\/\/esv-olympia.de\/judo\/wp-json\/wp\/v2\/types\/page"}],"author":[{"embeddable":true,"href":"https:\/\/esv-olympia.de\/judo\/wp-json\/wp\/v2\/users\/2"}],"replies":[{"embeddable":true,"href":"https:\/\/esv-olympia.de\/judo\/wp-json\/wp\/v2\/comments?post=7"}],"version-history":[{"count":36,"href":"https:\/\/esv-olympia.de\/judo\/wp-json\/wp\/v2\/pages\/7\/revisions"}],"predecessor-version":[{"id":836,"href":"https:\/\/esv-olympia.de\/judo\/wp-json\/wp\/v2\/pages\/7\/revisions\/836"}],"wp:attachment":[{"href":"https:\/\/esv-olympia.de\/judo\/wp-json\/wp\/v2\/media?parent=7"}],"curies":[{"name":"wp","href":"https:\/\/api.w.org\/{rel}","templated":true}]}}