{"id":9,"date":"2018-01-16T10:09:42","date_gmt":"2018-01-16T09:09:42","guid":{"rendered":"http:\/\/esv-olympia.de\/judo\/?page_id=9"},"modified":"2021-07-03T22:41:23","modified_gmt":"2021-07-03T20:41:23","slug":"kontakt","status":"publish","type":"page","link":"https:\/\/esv-olympia.de\/judo\/kontakt\/","title":{"rendered":"Kontakt &#038; Impressum"},"content":{"rendered":"<h2><span style=\"color: #ff0000;\">E-Mail: <\/span><\/h2>\n<p><a href=\"mailto:judo@esv-olympia.de\">judo@esv-olympia.de<\/a><\/p>\n<h2><span style=\"color: #ff0000;\">Telefon: <\/span><\/h2>\n<p>Jan Schmidt: 0162\u00a0 2597376<\/p>\n<h2><span style=\"color: #ff0000;\">Postalisch:<\/span><\/h2>\n<p>ESV-Olympia K\u00f6ln e.V.<br \/>\nJudoabteilung<br \/>\nWerkstattstra\u00dfe 38 b<br \/>\n50733 K\u00f6ln (-Nippes)<\/p>\n<h2><span style=\"color: #ff0000;\">Komm&#8216; vorbei zum kostenlosen Probetraining. <\/span><span style=\"color: #ff0000;\">Wir freuen uns auf Dich!<\/span><\/h2>\n<h1>Impressum<\/h1>\n<p>Es gelten die Bestimmungen unserer Hauptseite\u00a0\u00a0<a href=\"http:\/\/esv-olympia.de\/\" target=\"_blank\" rel=\"noopener noreferrer\">www.esv-olympia.de<\/a><\/p>\n","protected":false},"excerpt":{"rendered":"<p>E-Mail: judo@esv-olympia.de Telefon: Jan Schmidt: 0162\u00a0 2597376 Postalisch: ESV-Olympia K\u00f6ln e.V. Judoabteilung Werkstattstra\u00dfe 38 b 50733 K\u00f6ln (-Nippes) Komm&#8216; vorbei zum kostenlosen Probetraining. Wir freuen uns auf Dich! Impressum Es gelten die Bestimmungen unserer Hauptseite\u00a0\u00a0www.esv-olympia.de<\/p>\n","protected":false},"author":2,"featured_media":0,"parent":0,"menu_order":0,"comment_status":"closed","ping_status":"closed","template":"","meta":{"footnotes":""},"_links":{"self":[{"href":"https:\/\/esv-olympia.de\/judo\/wp-json\/wp\/v2\/pages\/9"}],"collection":[{"href":"https:\/\/esv-olympia.de\/judo\/wp-json\/wp\/v2\/pages"}],"about":[{"href":"https:\/\/esv-olympia.de\/judo\/wp-json\/wp\/v2\/types\/page"}],"author":[{"embeddable":true,"href":"https:\/\/esv-olympia.de\/judo\/wp-json\/wp\/v2\/users\/2"}],"replies":[{"embeddable":true,"href":"https:\/\/esv-olympia.de\/judo\/wp-json\/wp\/v2\/comments?post=9"}],"version-history":[{"count":24,"href":"https:\/\/esv-olympia.de\/judo\/wp-json\/wp\/v2\/pages\/9\/revisions"}],"predecessor-version":[{"id":547,"href":"https:\/\/esv-olympia.de\/judo\/wp-json\/wp\/v2\/pages\/9\/revisions\/547"}],"wp:attachment":[{"href":"https:\/\/esv-olympia.de\/judo\/wp-json\/wp\/v2\/media?parent=9"}],"curies":[{"name":"wp","href":"https:\/\/api.w.org\/{rel}","templated":true}]}}