{"id":7,"date":"2018-01-06T01:14:17","date_gmt":"2018-01-06T00:14:17","guid":{"rendered":"http:\/\/esv-olympia.de\/schwimmen\/?page_id=7"},"modified":"2026-05-07T11:17:39","modified_gmt":"2026-05-07T09:17:39","slug":"startseite","status":"publish","type":"page","link":"https:\/\/esv-olympia.de\/schwimmen\/","title":{"rendered":"Schwimmer"},"content":{"rendered":"<h2 style=\"text-align: justify;\"><strong><em>Herzlich Willkommen bei der Schwimm-Abteilung des ESV Olympia<\/em><\/strong><\/h2>\n<p>Sollten Sie an einer Mitgliedschaft f\u00fcr sich oder Ihre Kinder im ESV interessiert sein, melden Sie sich gerne per E-Mail an <strong>schwimmen@esv-olympia.de<\/strong> . Auf Ihre Anfrage werden Sie schnellst m\u00f6glich eine R\u00fcckmeldung erhalten.<\/p>\n<p>Wir bieten Schwimmkurse f\u00fcr jung und alt ab einem Alter von <strong>5 Jahren<\/strong> immer Mittwochs zwischen 16 und 20 Uhr im Lentpark an.<\/p>\n<p>Leider sind jedoch aktuell alle Pl\u00e4tze in allen Schwimmkursen belegt, weswegen wir Sie oder Ihr Kind vorerst nur auf unsere <strong>Warteliste<\/strong> aufnehmen k\u00f6nnen.<\/p>\n<p>Weitere Informationen finden Sie weiter unten.<\/p>\n","protected":false},"excerpt":{"rendered":"<p>Herzlich Willkommen bei der Schwimm-Abteilung des ESV Olympia Sollten Sie an einer Mitgliedschaft f\u00fcr sich oder Ihre Kinder im ESV interessiert sein, melden Sie sich gerne per E-Mail an schwimmen@esv-olympia.de . Auf Ihre Anfrage werden Sie schnellst m\u00f6glich eine R\u00fcckmeldung erhalten. Wir bieten Schwimmkurse f\u00fcr jung und alt ab einem Alter von 5 Jahren immer &hellip; <\/p>\n<p class=\"link-more\"><a href=\"https:\/\/esv-olympia.de\/schwimmen\/\" class=\"more-link\"><span class=\"screen-reader-text\">\u201eSchwimmer\u201c<\/span> weiterlesen<\/a><\/p>\n","protected":false},"author":2,"featured_media":0,"parent":0,"menu_order":0,"comment_status":"closed","ping_status":"closed","template":"","meta":[],"_links":{"self":[{"href":"https:\/\/esv-olympia.de\/schwimmen\/wp-json\/wp\/v2\/pages\/7"}],"collection":[{"href":"https:\/\/esv-olympia.de\/schwimmen\/wp-json\/wp\/v2\/pages"}],"about":[{"href":"https:\/\/esv-olympia.de\/schwimmen\/wp-json\/wp\/v2\/types\/page"}],"author":[{"embeddable":true,"href":"https:\/\/esv-olympia.de\/schwimmen\/wp-json\/wp\/v2\/users\/2"}],"replies":[{"embeddable":true,"href":"https:\/\/esv-olympia.de\/schwimmen\/wp-json\/wp\/v2\/comments?post=7"}],"version-history":[{"count":7,"href":"https:\/\/esv-olympia.de\/schwimmen\/wp-json\/wp\/v2\/pages\/7\/revisions"}],"predecessor-version":[{"id":231,"href":"https:\/\/esv-olympia.de\/schwimmen\/wp-json\/wp\/v2\/pages\/7\/revisions\/231"}],"wp:attachment":[{"href":"https:\/\/esv-olympia.de\/schwimmen\/wp-json\/wp\/v2\/media?parent=7"}],"curies":[{"name":"wp","href":"https:\/\/api.w.org\/{rel}","templated":true}]}}