{"id":84,"date":"2019-02-14T12:16:26","date_gmt":"2019-02-14T11:16:26","guid":{"rendered":"http:\/\/esv-olympia.de\/schwimmen\/?page_id=84"},"modified":"2026-05-07T11:19:27","modified_gmt":"2026-05-07T09:19:27","slug":"aktuelles","status":"publish","type":"page","link":"https:\/\/esv-olympia.de\/schwimmen\/aktuelles\/","title":{"rendered":"Aktuelles"},"content":{"rendered":"\n<p><strong>!!Wichtig!!<\/strong> Aktuell sind alle Pl\u00e4tze in unseren Schwimmkursen belegt, wir k\u00f6nnen Sie allerdings gerne auf unsere Warteliste schreiben.<\/p>\n\n\n\n<p class=\"has-text-align-center\"><strong>Liebe Mitglieder,<\/strong> <\/p>\n\n\n\n<p class=\"has-text-align-center\">aufgrund von Revisionsarbeiten im Lentpark, findet am 17.04.2024 und am 24.04.2024 kein Schwimmen statt.<\/p>\n\n\n\n<p class=\"has-text-align-center\"><strong>Liebe Mitglieder, <\/strong><\/p>\n\n\n\n<p class=\"has-text-align-center\">ab dem 01.04.2022 wird der Verein eine Beitragserh\u00f6hung der Mitgliedschaft vornehmen. Die Beitr\u00e4ge werden weiterhin viertelj\u00e4hrlich abgebucht und beschr\u00e4nken sich auf 48 Euro f\u00fcr ein Kind, f\u00fcr jedes weitere Geschwisterkind fallen 39 Euro an und die Erwachsenenbeitr\u00e4ge werden auf 60 Euro erh\u00f6ht. Besonders als Schwimmverein geh\u00f6rt es zu unseren gr\u00f6\u00dften Aufgaben, den Kindern sowie den Erwachsenen viel Sicherheit zu geben und Verantwortung zu tragen. Da die Kurse gut besetzt sind, m\u00fcssen dementsprechend auch mehrere \u00dcbungsleiter\/innen eingesetzt werden, um allen Mitgliedern gerecht werden zu k\u00f6nnen und die Sicherheit sowie den Spa\u00df im Wasser zu wahren. <\/p>\n\n\n\n<p class=\"has-text-align-center\">Wir hoffen auf Euer Verst\u00e4ndnis.<\/p>\n\n\n\n<p><\/p>\n\n\n\n<p><\/p>\n\n\n\n<p class=\"has-text-align-center\"><strong><em>aktuelle<\/em><\/strong> <strong><em>Kursauslastung<\/em><\/strong><\/p>\n\n\n\n<p class=\"has-text-align-center\"><strong>Liebe Mitglieder und Interessierte<\/strong>,<\/p>\n\n\n\n<p class=\"has-text-align-center\">Nach der spontanen \u00d6ffnung der Hallenb\u00e4der und dem damit verbundenen Start der Kurse, gab es einen enormen Ansturm von Anfragen.<\/p>\n\n\n\n<p class=\"has-text-align-center\"><strong>Aktuell sind s\u00e4mtliche Kurse leider voll.<\/strong><br>Wir bitten, um Ihr Verst\u00e4ndnis, dass nicht alle auf einmal wieder Anfangen k\u00f6nnen.<br>Die Covid-19-Situation ist f\u00fcr uns alle eine besondere Zeit und wir setzen wirklich alles daran, dass jedes Kind in den n\u00e4chsten Wochen\/Monaten bei uns das Schwimmen lernt, wenn dies gew\u00fcnscht ist.<\/p>\n\n\n\n<p class=\"has-text-align-center\"><br>Wir m\u00f6chten die Kurse auch nicht voller machen als n\u00f6tig, da es letzten Endes auch um den Spa\u00df am lernen und der Sicherheit der Kinder geht, was dadurch eventuell beeintr\u00e4chtigt werden k\u00f6nnte.<\/p>\n\n\n\n<p class=\"has-text-align-center\">F\u00fcr Fragen stehen wir Ihnen gerne per Mail zur Verf\u00fcgung unter: <\/p>\n\n\n\n<p class=\"has-text-align-center\">&nbsp;<a href=\"mailto:schwimmen@esv-olympia.de\">schwimmen@esv-olympia.de<\/a>&nbsp;<\/p>\n\n\n\n<p class=\"has-text-align-center\">Wir freuen uns auf euch und hoffen auf euer Verst\u00e4ndnis!<br>Bis bald!<\/p>\n\n\n\n<p><\/p>\n\n\n\n<p><\/p>\n\n\n\n<h2 class=\"has-text-align-center\" id=\"block-437b89db-f1d6-4819-b864-5edfcb9be414\"><strong><em>Es geht wieder los!<\/em><\/strong><\/h2>\n\n\n\n<p class=\"has-text-align-center\" id=\"block-437b89db-f1d6-4819-b864-5edfcb9be414\">Ab Mittwoch dem 09.06.2021 (KW23) d\u00fcrfen wir endlich wieder in den Lentpark.<br><br>Anmeldungen bitte mit dem vollst\u00e4ndigen Namen des Kindes, sowie der Wunschzeit mit Art des Kurses an <a href=\"mailto:schwimmen@esv-olympia.de\">schwimmen@esv-olympia.de<\/a><br><br>Alle bisherigen und neuen Mitglieder sollten zudem unter: <a href=\"http:\/\/esv-olympia.de\/esv\/anmeldung.htm\">http:\/\/esv-olympia.de\/esv\/anmeldung.htm<\/a> das Formular der Schwimmabteilung ausf\u00fcllen und entweder per Mail (s.o.) zur\u00fcckschicken oder pers\u00f6nlich zum Antritt des Kurses abgeben.<br>Somit kann zuk\u00fcnftig eine bargeldlose Bezahlung der Vereinsmitgliedschaft garantiert werden.<\/p>\n\n\n\n<p class=\"has-text-align-center\" id=\"block-aca36b38-061d-42fb-ba15-0338f6c9ed57\">Wer sich noch unsicher ist, kann gerne zu einem kostenlose Probetraining vorbeikommen.<br><br>Folgende Kurse werden angeboten:<\/p>\n\n\n\n<p class=\"has-text-align-center\" id=\"block-aca36b38-061d-42fb-ba15-0338f6c9ed57\" style=\"line-height:1.5\"><br><strong>16.00 Uhr bis 17.00 Uhr<\/strong>: <\/p>\n\n\n\n<p class=\"has-text-align-center\" id=\"block-aca36b38-061d-42fb-ba15-0338f6c9ed57\" style=\"line-height:1.5\">Anf\u00e4ngerkurs (Ziel: Seepferdchen) + Kurs f\u00fcr sicheres Schwimmen &amp; Gold\/Silber\/Bronze Abzeichen<\/p>\n\n\n\n<p class=\"has-text-align-center\" id=\"block-aca36b38-061d-42fb-ba15-0338f6c9ed57\" style=\"line-height:1.5\"><br><strong>17.00 Uhr bis 18.00 Uhr<\/strong>: <\/p>\n\n\n\n<p class=\"has-text-align-center\" id=\"block-aca36b38-061d-42fb-ba15-0338f6c9ed57\">Anf\u00e4ngerkurs (Ziel: Seepferdchen) + Kurs f\u00fcr sicheres Schwimmen &amp; Gold\/Silber\/Bronze Abzeichen<\/p>\n\n\n\n<p class=\"has-text-align-center\" id=\"block-aca36b38-061d-42fb-ba15-0338f6c9ed57\"><br><strong>18.00 Uhr bis 19.00 Uhr<\/strong>: <\/p>\n\n\n\n<p class=\"has-text-align-center\" id=\"block-aca36b38-061d-42fb-ba15-0338f6c9ed57\">Anf\u00e4ngerkurs (Ziel: Seepferdchen) + Kurs f\u00fcr sicheres Schwimmen &amp; Gold\/Silber\/Bronze Abzeichen<\/p>\n\n\n\n<p class=\"has-text-align-center\" id=\"block-aca36b38-061d-42fb-ba15-0338f6c9ed57\"><br><strong>19.00 Uhr bis 20.00 Uhr<\/strong>: <\/p>\n\n\n\n<p class=\"has-text-align-center\" id=\"block-aca36b38-061d-42fb-ba15-0338f6c9ed57\">Kraul-Technik\/Schwimm-Technik Kurse f\u00fcr Erwachsene und Jugendliche<\/p>\n\n\n\n<p class=\"has-text-align-center\" id=\"block-831bf3c2-ad43-4169-a44e-7d55cded7b56\"><strong><em>Wir freuen uns auf euch!<\/em><\/strong><\/p>\n\n\n\n<p><\/p>\n\n\n\n<p><\/p>\n\n\n\n<p><\/p>\n\n\n\n<p><\/p>\n\n\n\n<p><\/p>\n\n\n\n<h2>Mitarbeiter\/innen gesucht<\/h2>\n\n\n\n<p>Die Schwimmabteilung des ESV Olympia K\u00f6ln e.V. sucht f\u00fcr seine Schwimmabteilung Mitarbeiter\/innen in der Anf\u00e4nger- und Technikausbildung mit Kindern, Jugendlichen und Erwachsenen.<\/p>\n\n\n\n<p>Wer Spa\u00df im Umgang mit Kindern ab 5 Jahren , Jugendlichen, Erwachsenen im und am Wasser hat, zuverl\u00e4ssig &amp; verantwortungsbewusst ist, \u00fcber Vorkenntnisse verf\u00fcgt, die aber nicht Voraussetzung sind (entsprechende Lizenzen k\u00f6nnen \u00fcber den Verein erworben werden): Grundkurs Schwimmen an der DSHS, Sporthelfer- oder \u00dcbungsleiterlizenz,<\/p>\n\n\n\n<p>meldet sich bei:<\/p>\n\n\n\n<p>ESV Vorstand B\u00fcro<br>Telefon: 0221-732434<br>E-Mail: schwimmen@esv-olympia.de<\/p>\n\n\n\n<p>Schwimmbad Lentpark \/ Lentstra\u00dfe 3<\/p>\n\n\n\n<h2>Schwimmstunden Mittwochs im Lentpark<\/h2>\n\n\n\n<p>Mittwoch Lentpark<br>\n16.00 &#8211; 17.00 Uhr        <br>\n17.00 &#8211; 18.00 Uhr              <br>\n18.00 &#8211; 19.00 Uhr:<\/p>\n\n\n\n<p>Lehrbecken:  Anf\u00e4ngerschwimmen Kinder<br>\nSportbecken Bahn 1  Technikschwimmen Kinder<br>\nSportbecken Bahn 2 Technikschwimmen Kinder<\/p>\n\n\n\n<p>19.00 &#8211; 20.00 Uhr<br> Sportbecken Bahn 1: Technikschwimmen Erwachsene\/Jugendliche<br> Sportbecken Bahn 2: Training Erwachsene &#8222;GOLDTeam&#8220;<\/p>\n","protected":false},"excerpt":{"rendered":"<p>!!Wichtig!! Aktuell sind alle Pl\u00e4tze in unseren Schwimmkursen belegt, wir k\u00f6nnen Sie allerdings gerne auf unsere Warteliste schreiben. Liebe Mitglieder, aufgrund von Revisionsarbeiten im Lentpark, findet am 17.04.2024 und am 24.04.2024 kein Schwimmen statt. Liebe Mitglieder, ab dem 01.04.2022 wird der Verein eine Beitragserh\u00f6hung der Mitgliedschaft vornehmen. Die Beitr\u00e4ge werden weiterhin viertelj\u00e4hrlich abgebucht und beschr\u00e4nken &hellip; <\/p>\n<p class=\"link-more\"><a href=\"https:\/\/esv-olympia.de\/schwimmen\/aktuelles\/\" class=\"more-link\"><span class=\"screen-reader-text\">\u201eAktuelles\u201c<\/span> weiterlesen<\/a><\/p>\n","protected":false},"author":3,"featured_media":0,"parent":0,"menu_order":0,"comment_status":"closed","ping_status":"closed","template":"","meta":[],"_links":{"self":[{"href":"https:\/\/esv-olympia.de\/schwimmen\/wp-json\/wp\/v2\/pages\/84"}],"collection":[{"href":"https:\/\/esv-olympia.de\/schwimmen\/wp-json\/wp\/v2\/pages"}],"about":[{"href":"https:\/\/esv-olympia.de\/schwimmen\/wp-json\/wp\/v2\/types\/page"}],"author":[{"embeddable":true,"href":"https:\/\/esv-olympia.de\/schwimmen\/wp-json\/wp\/v2\/users\/3"}],"replies":[{"embeddable":true,"href":"https:\/\/esv-olympia.de\/schwimmen\/wp-json\/wp\/v2\/comments?post=84"}],"version-history":[{"count":39,"href":"https:\/\/esv-olympia.de\/schwimmen\/wp-json\/wp\/v2\/pages\/84\/revisions"}],"predecessor-version":[{"id":233,"href":"https:\/\/esv-olympia.de\/schwimmen\/wp-json\/wp\/v2\/pages\/84\/revisions\/233"}],"wp:attachment":[{"href":"https:\/\/esv-olympia.de\/schwimmen\/wp-json\/wp\/v2\/media?parent=84"}],"curies":[{"name":"wp","href":"https:\/\/api.w.org\/{rel}","templated":true}]}}