{"id":101,"date":"2024-01-06T21:19:34","date_gmt":"2024-01-06T20:19:34","guid":{"rendered":"https:\/\/esv-olympia.de\/tischtennis\/?page_id=101"},"modified":"2024-02-14T21:53:10","modified_gmt":"2024-02-14T20:53:10","slug":"mitgliedschaft","status":"publish","type":"page","link":"https:\/\/esv-olympia.de\/tischtennis\/mitgliedschaft\/","title":{"rendered":"Mitgliedschaft"},"content":{"rendered":"<div class=\"fsn-row full-width-row fsn-69e3404267c3b light\" style=\"background-repeat:repeat;background-position:left top;background-attachment:scroll;background-size:auto;\"><div class=\"container-fluid\"><div class=\"row\"><div class=\"col-sm-12\"><div class=\"fsn-column-inner fsn-69e3404267ed5 light\"><div class=\"fsn-text fsn-69e3404267f9f\">\n<h3><strong>Mitgliedschaft beim ESV Olympia K\u00f6ln-Nippes<\/strong><\/h3>\n<p>Wir laden herzlich dazu ein, Teil der Tischtennisfamilie beim ESV Olympia K\u00f6ln-Nippes zu werden! Unser Verein bietet eine lebendige Gemeinschaft, engagierte Trainer und die M\u00f6glichkeit, die Faszination des Tischtennissports zu erleben.<\/p>\n<h4><strong>Mitgliedschaftsbeitr\u00e4ge:<\/strong><\/h4>\n<ul>\n<li>Kinder und Jugendliche:\u00a0 \u00a0 \u00a0 \u00a0 \u00a0 \u00a081,- \u20ac halbj\u00e4hrlich<\/li>\n<li>Erwachsene:\u00a0 \u00a0 \u00a0 \u00a0 \u00a0 \u00a0 \u00a0 \u00a0 \u00a0 \u00a0 \u00a0 \u00a0 \u00a0 \u00a0 \u00a0 \u00a093,- \u20ac halbj\u00e4hrlich<\/li>\n<li>Ligaspieler:\u00a0 \u00a0 \u00a0 \u00a0 \u00a0 \u00a0 \u00a0 \u00a0 \u00a0 \u00a0 \u00a0 \u00a0 \u00a0 \u00a0 \u00a0 \u00a0 \u00a015,- \u20ac halbj\u00e4hrlich ( Zusatzbeitrag)<\/li>\n<\/ul>\n<p>Die Mitgliedschaftsbeitr\u00e4ge erm\u00f6glichen nicht nur die Nutzung unserer Trainingsm\u00f6glichkeiten, sondern tragen auch zur Unterst\u00fctzung des Vereins und seiner vielf\u00e4ltigen Aktivit\u00e4ten bei.<\/p>\n<h4><strong>Wie trete ich bei?<\/strong><\/h4>\n<p>Es ist ganz einfach! Interessierte k\u00f6nnen direkt das <a href=\"http:\/\/esv-olympia.de\/tischtennis\/wp-content\/uploads\/2024\/02\/ESVAnmeldeantragTischtennis_Neu_Jan24.pdf\" target=\"_blank\" rel=\"noopener\">Anmeldeformular<\/a> auf unserer Website ausf\u00fcllen und sich somit unkompliziert f\u00fcr die Mitgliedschaft anmelden. Bei Fragen oder Unsicherheiten stehen wir nat\u00fcrlich gerne zur Verf\u00fcgung. Einfach eine Nachricht an <a href=\"mailto:kontakt@esv-olympia.de\" target=\"_new\" rel=\"noopener\">kontakt@esv-olympia.de<\/a> senden oder direkt an <a href=\"mailto:tischtennis@esv-olympia.de\">tischtennis@esv-olympia.de <\/a>f\u00fcr tischtennisspezifische Anliegen.<\/p>\n<h4><strong>K\u00fcndigung:<\/strong><\/h4>\n<p>Falls sich dein Lebensweg einmal in eine andere Richtung bewegt, kannst du die Mitgliedschaft jeweils zum Halbjahr k\u00fcndigen. Hierf\u00fcr gen\u00fcgt eine E-Mail an <a target=\"_new\" rel=\"noopener\">kontakt@esv-olympia.de<\/a>, mit einer Kopie an <a target=\"_new\" rel=\"noopener\">tischtennis@esv-olympia.de<\/a>.<\/p>\n<p>Wir freuen uns darauf, neue Mitglieder in unserer Tischtennisgemeinschaft willkommen zu hei\u00dfen! Zusammen gestalten wir die Zukunft des Tischtennissports beim ESV Olympia K\u00f6ln-Nippes.<\/p>\n<\/div><\/div><\/div><\/div><\/div><\/div>\n","protected":false},"excerpt":{"rendered":"","protected":false},"author":3,"featured_media":0,"parent":0,"menu_order":0,"comment_status":"closed","ping_status":"closed","template":"","meta":{"footnotes":""},"_links":{"self":[{"href":"https:\/\/esv-olympia.de\/tischtennis\/wp-json\/wp\/v2\/pages\/101"}],"collection":[{"href":"https:\/\/esv-olympia.de\/tischtennis\/wp-json\/wp\/v2\/pages"}],"about":[{"href":"https:\/\/esv-olympia.de\/tischtennis\/wp-json\/wp\/v2\/types\/page"}],"author":[{"embeddable":true,"href":"https:\/\/esv-olympia.de\/tischtennis\/wp-json\/wp\/v2\/users\/3"}],"replies":[{"embeddable":true,"href":"https:\/\/esv-olympia.de\/tischtennis\/wp-json\/wp\/v2\/comments?post=101"}],"version-history":[{"count":9,"href":"https:\/\/esv-olympia.de\/tischtennis\/wp-json\/wp\/v2\/pages\/101\/revisions"}],"predecessor-version":[{"id":314,"href":"https:\/\/esv-olympia.de\/tischtennis\/wp-json\/wp\/v2\/pages\/101\/revisions\/314"}],"wp:attachment":[{"href":"https:\/\/esv-olympia.de\/tischtennis\/wp-json\/wp\/v2\/media?parent=101"}],"curies":[{"name":"wp","href":"https:\/\/api.w.org\/{rel}","templated":true}]}}