{"id":118,"date":"2024-01-06T21:36:41","date_gmt":"2024-01-06T20:36:41","guid":{"rendered":"https:\/\/esv-olympia.de\/tischtennis\/mesmerize-2\/"},"modified":"2025-08-19T16:28:24","modified_gmt":"2025-08-19T14:28:24","slug":"mesmerize-2","status":"publish","type":"page","link":"https:\/\/esv-olympia.de\/tischtennis\/","title":{"rendered":"Front Page"},"content":{"rendered":"<div  data-label=\"Features\" data-id=\"features--2\" data-export-id=\"features-13\" data-category=\"features\" class=\"features-13 content-section content-section-spacing\" id=\"features-5\" style=\"background-color: rgb(255, 255, 255); background-image: none;\"><div  class=\"gridContainer\"> <div  class=\"row text-center\"><div  class=\"section-title-col\" data-type=\"column\"> <h2  class=\"\">Tischtennis<\/h2> <p  class=\"lead\">Herzlich Willkommen beim Tischtennis des ESV- Olympias\u2013 deiner Anlaufstelle f\u00fcr Tischtennisbegeisterte! Tischtennis, auch bekannt als Ping Pong, ist weit mehr als nur ein Sport. Es ist eine faszinierende Mischung aus Schnelligkeit, Pr\u00e4zision und Taktik, die Spieler jeden Alters und Niveaus in ihren Bann zieht. Was Tischtennis so einzigartig macht, ist die perfekte Symbiose aus sportlichem Ehrgeiz und geselligem Miteinander.<br ><br >In unserer lebendigen Gemeinschaft beim ESV-Olympia dreht sich alles um den kleinen wei\u00dfen Ball, der \u00fcber die Tischplatte tanzt.Tischtennis ist nicht nur ein Wettkampfsport, sondern auch eine unterhaltsame Art, aktiv zu sein undneue Freunde zu finden. Die schnellen Ballwechsel erfordern blitzschnelle Reaktionen und f\u00f6rdernnicht nur die k\u00f6rperliche Fitness, sondern auch die mentale Geschicklichkeit.\r\n<br ><br >Egal, ob du ein erfahrener Spieler oder Anf\u00e4nger bist \u2013 bei uns findest du die ideale Plattform, umdeine Tischtennisf\u00e4higkeiten zu verbessern, an Turnieren teilzunehmen oder einfach nur einegute Zeit mit Gleichgesinnten zu verbringen. Wir laden dich herzlich ein, Teil unserer Tischtennisfamiliezu werden und die Begeisterung f\u00fcr diesen faszinierenden Sport mit uns zu teilen.<br ><br >Tauche ein in die Welt des Tischtennissports \u2013 wo Spa\u00df, Fairplay und Leidenschaft Hand in Hand gehen! Schaue doch einfach mal vorbei.<\/p><\/div> <\/div> <div  class=\"row spaced-cols center-sm\" data-type=\"row\">  <div  class=\"col col-sm-6 space-bottom col-md-6\">   <\/div>   <\/div><\/div> <\/div><div  id=\"portfolio-3\" style=\"background-color: rgb(255, 255, 255); background-image: none;\" data-label=\"Portfolio\" data-id=\"portfolio-4\" data-export-id=\"portfolio-4\" data-category=\"portfolio\" class=\"portfolio-4 content-section content-section-spacing-top\"><div  class=\"gridContainer\"> <div  class=\"row text-center\"><div  class=\"section-title-col\" data-type=\"column\"> <h2  class=\"\">Impressionen<\/h2> <\/div> <\/div> <div  data-type=\"row\" class=\"row\" data-fixed=\"true\"> <div  class=\"col-xs-12 col-sm-3 no-gutter-col col-md-3\"><div  class=\"contentswap-effect\" data-hover-fx=\"portfolio-4\"> <div  class=\"initial-image\"> <img  decoding=\"async\" data-size=\"542x360\" src=\"https:\/\/esv-olympia.de\/tischtennis\/wp-content\/uploads\/2025\/04\/cropped-WhatsApp-Image-2025-04-05-at-01.29.50.jpeg\"><\/div> <div  class=\"overlay bg-color1\"><\/div> <div  class=\"swap-inner col-xs-12\"> <div  class=\"row full-height-row middle-xs middle-sm\"> <div  class=\"col-xs-12 text-center content-holder\"> <a href=\"#\" target=\"_self\" rel=\"noopener\"><i  class=\"fa icon portfolio-icon fa-search reverse round big\" aria-hidden=\"true\"><\/i><\/a><\/div> <\/div><\/div> <\/div><\/div>        <\/div><\/div> <\/div><div  id=\"cta-1\" data-label=\"Cta\" data-id=\"cta-blue-section\" data-export-id=\"cta-blue-section\" data-category=\"cta\" class=\"cta-blue-section content-section content-section-spacing-medium bg-color1 white-text\" style=\"background-image: none; background-color: rgb(255, 255, 255);\"><div  class=\"gridContainer\"> <div  class=\"row middle-xs\"><div  class=\"col-sm-8 space-bottom-xs\" data-type=\"column\">  <\/div> <div  class=\"col-sm-4 end-sm\" data-type=\"column\"> <\/div> <\/div><\/div> <\/div><div  id=\"team-2\" style=\"background-color: #ffffff;\" data-label=\"Team\" data-id=\"team-2\" data-export-id=\"team-2\" data-category=\"team\" class=\"team-2 content-section content-section-spacing\"><div  class=\"gridContainer\"> <div  class=\"row text-center\"><div  class=\"section-title-col\" data-type=\"column\"> <h2  class=\"\">Weitere Infos<\/h2> <p  class=\"lead\">Du hast  noch Fragen oder m\u00f6chtest gerne mehr \u00fcber unseren Verein erfahren? Wir stehen Dir gerne zur Verf\u00fcgung! F\u00fcr pers\u00f6nliche Anfragen und Informationen rund um den Tischtennissport beim ESV Olympia K\u00f6ln-Nippes stehen wir dir gerne zur Verf\u00fcgung.<\/p><a class=\"link\" href=\"https:\/\/esv-olympia.de\/tischtennis\/kontakt\" target=\"_blank\" data-cp-link=\"1\" rel=\"noopener\">Kontakt<\/a><img decoding=\"async\"  class=\"custom-image\" src=\"http:\/\/esv-olympia.de\/tischtennis\/wp-content\/uploads\/2024\/01\/cropped-cropped-Kjell-Bild-e1704973320701-1.png\" title=\"cropped-Kjell-Bild.png\" alt=\"\"><\/div> <\/div> <div  class=\"row spaced-cols center-sm content-center-sm\" data-type=\"row\"> <div  class=\"col-sm-6 col-md-6 \"> <div  class=\"card y-move no-padding bordered\">  <div  data-type=\"column\" class=\"col-padding-small col-padding-small-xs description-container\">   <div  class=\"social-icons-group\" data-type=\"group\"> <a href=\"#\" target=\"_self\" data-reiki-hidden=\"true\" rel=\"noopener\"><i  class=\"gray fa icon fa-facebook-square\"><\/i><\/a> <a href=\"#\" target=\"_self\" data-reiki-hidden=\"true\" rel=\"noopener\"><i  class=\"gray fa icon fa-twitter-square\"><\/i><\/a> <a href=\"#\" target=\"_self\" data-reiki-hidden=\"true\" rel=\"noopener\"><i  class=\"gray fa icon fa-linkedin-square\"><\/i><\/a> <a href=\"#\" target=\"_self\" data-reiki-hidden=\"true\" rel=\"noopener\"><i  class=\"gray fa icon fa-google-plus-square\"><\/i><\/a><\/div> <\/div><\/div> <\/div>       <\/div> <\/div><\/div>","protected":false},"excerpt":{"rendered":"<p>Tischtennis Herzlich Willkommen beim Tischtennis des ESV- Olympias\u2013 deiner Anlaufstelle f\u00fcr Tischtennisbegeisterte! Tischtennis, auch bekannt als Ping Pong, ist weit mehr als nur ein Sport. Es ist eine faszinierende Mischung aus Schnelligkeit, Pr\u00e4zision und Taktik, die Spieler jeden Alters und Niveaus in ihren Bann zieht. Was Tischtennis so einzigartig macht, ist die perfekte Symbiose aus&hellip; <br \/> <a class=\"read-more\" href=\"https:\/\/esv-olympia.de\/tischtennis\/\">Weiterlesen<\/a><\/p>\n","protected":false},"author":3,"featured_media":0,"parent":0,"menu_order":0,"comment_status":"closed","ping_status":"closed","template":"page-templates\/homepage.php","meta":{"footnotes":""},"_links":{"self":[{"href":"https:\/\/esv-olympia.de\/tischtennis\/wp-json\/wp\/v2\/pages\/118"}],"collection":[{"href":"https:\/\/esv-olympia.de\/tischtennis\/wp-json\/wp\/v2\/pages"}],"about":[{"href":"https:\/\/esv-olympia.de\/tischtennis\/wp-json\/wp\/v2\/types\/page"}],"author":[{"embeddable":true,"href":"https:\/\/esv-olympia.de\/tischtennis\/wp-json\/wp\/v2\/users\/3"}],"replies":[{"embeddable":true,"href":"https:\/\/esv-olympia.de\/tischtennis\/wp-json\/wp\/v2\/comments?post=118"}],"version-history":[{"count":34,"href":"https:\/\/esv-olympia.de\/tischtennis\/wp-json\/wp\/v2\/pages\/118\/revisions"}],"predecessor-version":[{"id":323,"href":"https:\/\/esv-olympia.de\/tischtennis\/wp-json\/wp\/v2\/pages\/118\/revisions\/323"}],"wp:attachment":[{"href":"https:\/\/esv-olympia.de\/tischtennis\/wp-json\/wp\/v2\/media?parent=118"}],"curies":[{"name":"wp","href":"https:\/\/api.w.org\/{rel}","templated":true}]}}