{"id":44,"date":"2023-12-18T22:43:34","date_gmt":"2023-12-18T21:43:34","guid":{"rendered":"https:\/\/esv-olympia.de\/tischtennis\/?page_id=44"},"modified":"2025-04-07T18:32:18","modified_gmt":"2025-04-07T16:32:18","slug":"training","status":"publish","type":"page","link":"https:\/\/esv-olympia.de\/tischtennis\/training\/","title":{"rendered":"Training"},"content":{"rendered":"<div class=\"fsn-row full-width-row fsn-6a089efeea855 light\" style=\"background-repeat:repeat;background-position:left top;background-attachment:scroll;background-size:auto;\"><div class=\"container-fluid\"><div class=\"row\"><div class=\"col-sm-12\"><div class=\"fsn-column-inner fsn-6a089efeea984 dark\"><div class=\"fsn-text fsn-6a089efeeaa55\">\n<div class=\"w-full text-token-text-primary\" data-testid=\"conversation-turn-3\">\n<div class=\"px-4 py-2 justify-center text-base md:gap-6 m-auto\">\n<div class=\"flex flex-1 text-base mx-auto gap-3 md:px-5 lg:px-1 xl:px-5 md:max-w-3xl lg:max-w-&#091;40rem&#093; xl:max-w-&#091;48rem&#093; group final-completion\">\n<div class=\"relative flex w-full flex-col lg:w-&#091;calc(100%-115px)&#093; agent-turn\">\n<div class=\"flex-col gap-1 md:gap-3\">\n<div class=\"flex flex-grow flex-col max-w-full\">\n<div class=\"min-h-&#091;20px&#093; text-message flex flex-col items-start gap-3 whitespace-pre-wrap break-words &#091;.text-message+&amp;&#093;:mt-5 overflow-x-auto\" data-message-author-role=\"assistant\" data-message-id=\"d27d250d-c10a-4aed-bf73-52ad59ec2989\">\n<div class=\"markdown prose w-full break-words dark:prose-invert light\">\n<h3 style=\"text-align: left;\">Hier findest Du alle Informationen rund um unser Training und die Ansprechpartner f\u00fcr Erwachsene und Jugendliche<\/h3>\n<h4><strong>Erwachsene:<\/strong><\/h4>\n<p>Unser Erwachsenentraining findet in der kleinen Halle des ESV in der Werkstattstr.38b in K\u00f6ln-Nippes statt. Wir bieten maximal ausgelastete Trainingseinheiten an acht Tischen gleichzeitig, um sicherzustellen, dass jeder Beteiligte optimale Trainingsbedingungen hat. Die Trainingstermine f\u00fcr Erwachsene sind wie folgt:<\/p>\n<ul>\n<li>Dienstags: 18:00-20:00 Uhr<\/li>\n<li>Freitags:\u00a0 \u00a0 19:00-21:00 Uhr<\/li>\n<\/ul>\n<p>Zus\u00e4tzlich besteht an spielfreien Sonntagen nach Absprache die M\u00f6glichkeit, von 11:00-13:00 Uhr zu spielen. Wir legen gro\u00dfen Wert auf eine angenehme und motivierende Trainingsatmosph\u00e4re, um das Beste aus jedem Spielenden herauszuholen.<\/p>\n<h4><strong>Jugend:<\/strong><\/h4>\n<p>Unsere engagierten Trainer Reiner und Wilfried leiten das Jugendtraining. Unterst\u00fctzt werden sie von Jannik, Ralf und Kjell, die bei Bedarf zur Seite stehen. Das Jugendtraining ist in zwei Gruppen unterteilt:<\/p>\n<h4><strong>Gruppe 1:<\/strong><\/h4>\n<ul>\n<li>Montags: 17:00-18:30 Uhr<\/li>\n<li>Freitags: 16:30-17:45 Uhr<\/li>\n<\/ul>\n<h4><strong>Gruppe 2:<\/strong><\/h4>\n<ul>\n<li>Montags: 18:30-20:00 Uhr<\/li>\n<li>Freitags: 17:45-19:00 Uhr<\/li>\n<\/ul>\n<p>Die Gruppenzuordnung erfolgt nach Alter, Spielst\u00e4rke und gegebenenfalls der Mannschaftszugeh\u00f6rigkeit. Hierbei stehen Dir unsere Trainer Reiner und Wilfried beratend zur Seite. Wir legen gro\u00dfen Wert darauf, dass die Jugendlichen nicht nur ihre technischen F\u00e4higkeiten verbessern, sondern auch Freude am Spiel haben und Teamgeist entwickeln.<\/p>\n<p>Bei Fragen oder Interesse am Tischtennistraining kannst du dich gerne an unsere Ansprechpartner wenden. Wir freuen uns darauf, dich kennenzulernen!<\/p>\n<\/div>\n<\/div>\n<\/div>\n<div class=\"mt-1 flex justify-start gap-3 empty:hidden\">\n<div class=\"text-gray-400 flex self-end lg:self-center justify-center lg:justify-start mt-0 gap-1 visible\">\n<p>&nbsp;<\/p>\n<div class=\"flex items-center gap-1.5 text-xs\"><\/div>\n<\/div>\n<\/div>\n<\/div>\n<\/div>\n<\/div>\n<\/div>\n<\/div>\n<\/div><\/div><\/div><\/div><\/div><\/div>\n","protected":false},"excerpt":{"rendered":"","protected":false},"author":3,"featured_media":0,"parent":0,"menu_order":0,"comment_status":"closed","ping_status":"closed","template":"","meta":{"footnotes":""},"_links":{"self":[{"href":"https:\/\/esv-olympia.de\/tischtennis\/wp-json\/wp\/v2\/pages\/44"}],"collection":[{"href":"https:\/\/esv-olympia.de\/tischtennis\/wp-json\/wp\/v2\/pages"}],"about":[{"href":"https:\/\/esv-olympia.de\/tischtennis\/wp-json\/wp\/v2\/types\/page"}],"author":[{"embeddable":true,"href":"https:\/\/esv-olympia.de\/tischtennis\/wp-json\/wp\/v2\/users\/3"}],"replies":[{"embeddable":true,"href":"https:\/\/esv-olympia.de\/tischtennis\/wp-json\/wp\/v2\/comments?post=44"}],"version-history":[{"count":8,"href":"https:\/\/esv-olympia.de\/tischtennis\/wp-json\/wp\/v2\/pages\/44\/revisions"}],"predecessor-version":[{"id":324,"href":"https:\/\/esv-olympia.de\/tischtennis\/wp-json\/wp\/v2\/pages\/44\/revisions\/324"}],"wp:attachment":[{"href":"https:\/\/esv-olympia.de\/tischtennis\/wp-json\/wp\/v2\/media?parent=44"}],"curies":[{"name":"wp","href":"https:\/\/api.w.org\/{rel}","templated":true}]}}