{"id":68,"date":"2024-01-06T20:54:21","date_gmt":"2024-01-06T19:54:21","guid":{"rendered":"https:\/\/esv-olympia.de\/tischtennis\/?page_id=68"},"modified":"2024-01-13T20:49:00","modified_gmt":"2024-01-13T19:49:00","slug":"kontakt","status":"publish","type":"page","link":"https:\/\/esv-olympia.de\/tischtennis\/kontakt\/","title":{"rendered":"Kontakt"},"content":{"rendered":"<div class=\"fsn-row full-width-row fsn-6a089f2b4fee8 light\" style=\"background-repeat:repeat;background-position:left top;background-attachment:scroll;background-size:auto;\"><div class=\"container-fluid\"><div class=\"row\"><div class=\"col-sm-12\"><div class=\"fsn-column-inner fsn-6a089f2b4fff8 light\"><div class=\"fsn-text fsn-6a089f2b500a7\">\n<p>Du hast\u00a0 noch offene Fragen oder m\u00f6chtest gerne mehr \u00fcber unseren Verein erfahren? Wir stehen Dir gerne zur Verf\u00fcgung! F\u00fcr pers\u00f6nliche Anfragen und Informationen rund um den Tischtennissport beim ESV Olympia K\u00f6ln-Nippes kannst du dich direkt an unseren Abteilungsleiter wenden.<\/p>\n<p><strong>Kjell Fr\u00f6hlich &#8211; Abteilungsleiter:<\/strong><\/p>\n<p>&#8222;Wer jetzt glaubt, dass ein Abteilungsleiter die Abteilung leitet, glaubt auch, dass ein Zitronenfalter Zitronen faltet&#8220; \u2013 so lautet Kjells augenzwinkernde Devise. Aber eines steht fest: Kjell ist immer fr\u00f6hlich und mit Leidenschaft bei der Sache.<\/p>\n<p><strong>Kontaktinformationen:<\/strong><\/p>\n<p><img loading=\"lazy\" decoding=\"async\" class=\"alignnone wp-image-255 size-thumbnail\" src=\"http:\/\/esv-olympia.de\/tischtennis\/wp-content\/uploads\/2024\/01\/cropped-Kjell-Bild-150x150.png\" alt=\"\" width=\"150\" height=\"150\" \/><\/p>\n<p>Kjell steht Dir f\u00fcr alle organisatorische Fragen zur Verf\u00fcgung. Bei Bedarf kannst du dich gern bei ihm melden,<br \/>\nsei es per Telefon oder E-Mail.<\/p>\n<p>Mobil: 0151 28830411<br \/>\nE-Mail: <a target=\"_new\" rel=\"noopener\">tischtennis@esv-olympia.de<\/a><\/p>\n<p>Wir freuen uns darauf, von Dir zu h\u00f6ren und stehen bereit, um Dich unserer Tischtennisfamilie vorzustellen.<\/p>\n<\/div><\/div><\/div><\/div><\/div><\/div>\n","protected":false},"excerpt":{"rendered":"","protected":false},"author":3,"featured_media":0,"parent":0,"menu_order":0,"comment_status":"closed","ping_status":"closed","template":"","meta":{"footnotes":""},"_links":{"self":[{"href":"https:\/\/esv-olympia.de\/tischtennis\/wp-json\/wp\/v2\/pages\/68"}],"collection":[{"href":"https:\/\/esv-olympia.de\/tischtennis\/wp-json\/wp\/v2\/pages"}],"about":[{"href":"https:\/\/esv-olympia.de\/tischtennis\/wp-json\/wp\/v2\/types\/page"}],"author":[{"embeddable":true,"href":"https:\/\/esv-olympia.de\/tischtennis\/wp-json\/wp\/v2\/users\/3"}],"replies":[{"embeddable":true,"href":"https:\/\/esv-olympia.de\/tischtennis\/wp-json\/wp\/v2\/comments?post=68"}],"version-history":[{"count":7,"href":"https:\/\/esv-olympia.de\/tischtennis\/wp-json\/wp\/v2\/pages\/68\/revisions"}],"predecessor-version":[{"id":275,"href":"https:\/\/esv-olympia.de\/tischtennis\/wp-json\/wp\/v2\/pages\/68\/revisions\/275"}],"wp:attachment":[{"href":"https:\/\/esv-olympia.de\/tischtennis\/wp-json\/wp\/v2\/media?parent=68"}],"curies":[{"name":"wp","href":"https:\/\/api.w.org\/{rel}","templated":true}]}}